{"id":4380,"date":"2026-03-30T16:44:54","date_gmt":"2026-03-30T16:44:54","guid":{"rendered":"https:\/\/monispro.com\/?post_type=product&#038;p=4380"},"modified":"2026-03-31T15:09:27","modified_gmt":"2026-03-31T15:09:27","slug":"kit-de-control-y-cuidado-en-casa","status":"publish","type":"product","link":"https:\/\/monispro.com\/index.php\/producto\/kit-de-control-y-cuidado-en-casa\/","title":{"rendered":"Kit de Control y Cuidado en Casa"},"content":{"rendered":"<p>\ud83c\udfe0 \u00a1Todo lo que necesitas para tu cuidado en casa, en un solo kit y p\u00e1galo despu\u00e9s si lo deseas! \ud83e\ude7a<\/p>\n<p>\u00bfQuieres tener el control de tu salud y la de tu familia de la manera m\u00e1s sencilla y precisa? Te presentamos el Kit de Cuidado en Casa Latidos de GMD. Un paquete completo dise\u00f1ado para brindarte tranquilidad y mediciones confiables desde la comodidad de tu hogar. \ud83c\udf81<\/p>\n<p>\ud83d\udca1 Beneficios que te dan seguridad:<br \/>\nGarant\u00eda de 2 a 5 a\u00f1os en todos los equipos.<br \/>\nMediciones con precisi\u00f3n certificada.<br \/>\nTecnolog\u00eda f\u00e1cil de usar para todos en casa.<\/p>\n","protected":false},"excerpt":{"rendered":"<p>\u00bfQu\u00e9 incluye tu kit?<br \/>\n* Un Monitor de Presi\u00f3n Arterial con VOZ \ud83c\udf99\ufe0f para mediciones claras y f\u00e1ciles de entender, con memoria para 120 registros, doble usuario y estuche<br \/>\n* Un Gluc\u00f3metro de precisi\u00f3n certificada \ud83e\ude78 con tiras reactivas, lancetero y estuche.<br \/>\n* Un Ox\u00edmetro de pulso para un control r\u00e1pido de tu oxigenaci\u00f3n con estuche.<\/p>\n","protected":false},"featured_media":4381,"comment_status":"open","ping_status":"closed","template":"","meta":{"site-sidebar-layout":"default","site-content-layout":"","ast-site-content-layout":"default","site-content-style":"default","site-sidebar-style":"default","ast-global-header-display":"","ast-banner-title-visibility":"","ast-main-header-display":"","ast-hfb-above-header-display":"","ast-hfb-below-header-display":"","ast-hfb-mobile-header-display":"","site-post-title":"","ast-breadcrumbs-content":"","ast-featured-img":"","footer-sml-layout":"","ast-disable-related-posts":"","theme-transparent-header-meta":"default","adv-header-id-meta":"","stick-header-meta":"","header-above-stick-meta":"","header-main-stick-meta":"","header-below-stick-meta":"","astra-migrate-meta-layouts":"set","ast-page-background-enabled":"default","ast-page-background-meta":{"desktop":{"background-color":"var(--ast-global-color-5)","background-image":"","background-repeat":"repeat","background-position":"center center","background-size":"auto","background-attachment":"scroll","background-type":"","background-media":"","overlay-type":"","overlay-color":"","overlay-opacity":"","overlay-gradient":""},"tablet":{"background-color":"","background-image":"","background-repeat":"repeat","background-position":"center center","background-size":"auto","background-attachment":"scroll","background-type":"","background-media":"","overlay-type":"","overlay-color":"","overlay-opacity":"","overlay-gradient":""},"mobile":{"background-color":"","background-image":"","background-repeat":"repeat","background-position":"center center","background-size":"auto","background-attachment":"scroll","background-type":"","background-media":"","overlay-type":"","overlay-color":"","overlay-opacity":"","overlay-gradient":""}},"ast-content-background-meta":{"desktop":{"background-color":"var(--ast-global-color-4)","background-image":"","background-repeat":"repeat","background-position":"center center","background-size":"auto","background-attachment":"scroll","background-type":"","background-media":"","overlay-type":"","overlay-color":"","overlay-opacity":"","overlay-gradient":""},"tablet":{"background-color":"var(--ast-global-color-4)","background-image":"","background-repeat":"repeat","background-position":"center center","background-size":"auto","background-attachment":"scroll","background-type":"","background-media":"","overlay-type":"","overlay-color":"","overlay-opacity":"","overlay-gradient":""},"mobile":{"background-color":"var(--ast-global-color-4)","background-image":"","background-repeat":"repeat","background-position":"center center","background-size":"auto","background-attachment":"scroll","background-type":"","background-media":"","overlay-type":"","overlay-color":"","overlay-opacity":"","overlay-gradient":""}}},"product_brand":[],"product_cat":[21,22,24],"product_tag":[],"class_list":{"0":"post-4380","1":"product","2":"type-product","3":"status-publish","4":"has-post-thumbnail","6":"product_cat-control-y-prevencion","7":"product_cat-kit-glucometros","8":"product_cat-tensiometros-digitales","9":"desktop-align-left","10":"tablet-align-left","11":"mobile-align-left","13":"first","14":"instock","15":"sale","16":"shipping-taxable","17":"purchasable","18":"product-type-simple"},"aioseo_notices":[],"_links":{"self":[{"href":"https:\/\/monispro.com\/index.php\/wp-json\/wp\/v2\/product\/4380","targetHints":{"allow":["GET"]}}],"collection":[{"href":"https:\/\/monispro.com\/index.php\/wp-json\/wp\/v2\/product"}],"about":[{"href":"https:\/\/monispro.com\/index.php\/wp-json\/wp\/v2\/types\/product"}],"replies":[{"embeddable":true,"href":"https:\/\/monispro.com\/index.php\/wp-json\/wp\/v2\/comments?post=4380"}],"wp:featuredmedia":[{"embeddable":true,"href":"https:\/\/monispro.com\/index.php\/wp-json\/wp\/v2\/media\/4381"}],"wp:attachment":[{"href":"https:\/\/monispro.com\/index.php\/wp-json\/wp\/v2\/media?parent=4380"}],"wp:term":[{"taxonomy":"product_brand","embeddable":true,"href":"https:\/\/monispro.com\/index.php\/wp-json\/wp\/v2\/product_brand?post=4380"},{"taxonomy":"product_cat","embeddable":true,"href":"https:\/\/monispro.com\/index.php\/wp-json\/wp\/v2\/product_cat?post=4380"},{"taxonomy":"product_tag","embeddable":true,"href":"https:\/\/monispro.com\/index.php\/wp-json\/wp\/v2\/product_tag?post=4380"}],"curies":[{"name":"wp","href":"https:\/\/api.w.org\/{rel}","templated":true}]}}